
{"id":77,"date":"2020-06-21T10:34:43","date_gmt":"2020-06-21T10:34:43","guid":{"rendered":"http:\/\/chic-orientale.fr\/?page_id=77"},"modified":"2020-07-08T21:44:18","modified_gmt":"2020-07-08T21:44:18","slug":"politique","status":"publish","type":"page","link":"https:\/\/chic-orientale.fr\/index.php\/politique\/","title":{"rendered":"Politique"},"content":{"rendered":"<p>Le site Blog.orientaletendance.fr est la propri\u00e9t\u00e9 et est \u00e9dit\u00e9 par: xxx, soci\u00e9t\u00e9 par actions simplifi\u00e9e, inscrite au Registre du Commerce et des Soci\u00e9t\u00e9s de Paris (RCS) sous le n\u00b0 xxx xxx xxx au capital de xxx xxx xxx euros.<\/p>\n<p>Son si\u00e8ge social est au xx rue xxx, xxxxx Paris, t\u00e9l\u00e9phone: +33(0)1 xx xx xx xx. Le prestataire assurant l&rsquo;h\u00e9bergement du site est la soci\u00e9t\u00e9 xx (xxx Boulevard de xxx, xxxxx Paris, t\u00e9l\u00e9phone: +33 (0)1 xx xx xx xx).<\/p>\n<h2>Informatiques et libert\u00e9s<\/h2>\n<p>Lorem ipsum dolor sit amet, consectetur adipiscing elit, sed do eiusmod tempor incididunt ut labore et dolore magna aliqua. Ut enim ad minim veniam, quis nostrud exercitation ullamco laboris nisi ut aliquip ex ea commodo consequat. Duis aute irure dolor in reprehenderit in voluptate velit esse cillum dolore eu fugiat nulla pariatur. Excepteur sint occaecat cupidatat non proident, sunt in culpa qui officia deserunt mollit anim id est laborum.<\/p>\n<h2>Propri\u00e9t\u00e9 intellectuelle<\/h2>\n<p>Lorem ipsum dolor sit amet, consectetur adipiscing elit, sed do eiusmod tempor incididunt ut labore et dolore magna aliqua. Ut enim ad minim veniam, quis nostrud exercitation ullamco laboris nisi ut aliquip ex ea commodo consequat. Duis aute irure dolor in reprehenderit in voluptate velit esse cillum dolore eu fugiat nulla pariatur. Excepteur sint occaecat cupidatat non proident, sunt in culpa qui officia deserunt mollit anim id est laborum.<\/p>\n<h2>Limitation des responsabilit\u00e9s<\/h2>\n<p>Lorem ipsum dolor sit amet, consectetur adipiscing elit, sed do eiusmod tempor incididunt ut labore et dolore magna aliqua. Ut enim ad minim veniam, quis nostrud exercitation ullamco laboris nisi ut aliquip ex ea commodo consequat. Duis aute irure dolor in reprehenderit in voluptate velit esse cillum dolore eu fugiat nulla pariatur. Excepteur sint occaecat cupidatat non proident, sunt in culpa qui officia deserunt mollit anim id est laborum.<\/p>\n","protected":false},"excerpt":{"rendered":"<p>Le site Blog.orientaletendance.fr est la propri\u00e9t\u00e9 et est \u00e9dit\u00e9 par: xxx, soci\u00e9t\u00e9 par actions simplifi\u00e9e, inscrite au Registre du Commerce et des Soci\u00e9t\u00e9s de Paris (RCS) sous le n\u00b0 xxx xxx xxx au capital de xxx xxx xxx euros. Son si\u00e8ge social est au xx rue xxx, xxxxx Paris, t\u00e9l\u00e9phone: +33(0)1 xx xx xx xx. &hellip; <a href=\"https:\/\/chic-orientale.fr\/index.php\/politique\/\" class=\"more-link\">Continuer la lecture de <span class=\"screen-reader-text\">Politique<\/span><\/a><\/p>\n","protected":false},"author":1,"featured_media":0,"parent":0,"menu_order":0,"comment_status":"closed","ping_status":"closed","template":"legal.php","meta":{"footnotes":""},"class_list":["post-77","page","type-page","status-publish","hentry"],"_links":{"self":[{"href":"https:\/\/chic-orientale.fr\/index.php\/wp-json\/wp\/v2\/pages\/77","targetHints":{"allow":["GET"]}}],"collection":[{"href":"https:\/\/chic-orientale.fr\/index.php\/wp-json\/wp\/v2\/pages"}],"about":[{"href":"https:\/\/chic-orientale.fr\/index.php\/wp-json\/wp\/v2\/types\/page"}],"author":[{"embeddable":true,"href":"https:\/\/chic-orientale.fr\/index.php\/wp-json\/wp\/v2\/users\/1"}],"replies":[{"embeddable":true,"href":"https:\/\/chic-orientale.fr\/index.php\/wp-json\/wp\/v2\/comments?post=77"}],"version-history":[{"count":2,"href":"https:\/\/chic-orientale.fr\/index.php\/wp-json\/wp\/v2\/pages\/77\/revisions"}],"predecessor-version":[{"id":182,"href":"https:\/\/chic-orientale.fr\/index.php\/wp-json\/wp\/v2\/pages\/77\/revisions\/182"}],"wp:attachment":[{"href":"https:\/\/chic-orientale.fr\/index.php\/wp-json\/wp\/v2\/media?parent=77"}],"curies":[{"name":"wp","href":"https:\/\/api.w.org\/{rel}","templated":true}]}}